{"id":2091,"date":"2011-01-24T13:30:14","date_gmt":"2011-01-24T16:30:14","guid":{"rendered":"http:\/\/www.papeldeparede.etc.br\/fotos\/"},"modified":"2012-07-18T11:33:37","modified_gmt":"2012-07-18T14:33:37","slug":"popular","status":"publish","type":"page","link":"https:\/\/www.papeldeparede.etc.br\/fotos\/popular\/","title":{"rendered":"Top 50 Pap\u00e9is de Parede Mais Baixados no Papel de Parede ETC"},"content":{"rendered":"<p>Veja os pap\u00e9is de parede gr\u00e1tis mais populares no Papel de Parede ETC! Aqui os 50 pap\u00e9is de parede com maiores n\u00fameros de downloads de todo o tempo. A maioria de nossas fotos s\u00e3o tiradas em alta resolu\u00e7\u00e3o para garantir a qualidade do papel de parede. Para fazer o download selecione sua foto abaixo e clique na imagem para abrir o papel de parede. Ao lado esquerdo voc\u00ea pode salvar essa p\u00e1gina em seu favoritos no Delicious,\u00a0 Facebook ou Twitter! Nosso conte\u00fado \u00e9 totalmente gr\u00e1tis, se gostou nos ajude a divulgar nossas p\u00e1ginas! Obrigado.<\/p>\n","protected":false},"excerpt":{"rendered":"<p>Veja os pap\u00e9is de parede gr\u00e1tis mais populares no Papel de Parede ETC! Aqui os 50 pap\u00e9is de parede com maiores n\u00fameros de downloads de todo o tempo. A maioria de nossas fotos s\u00e3o tiradas em alta resolu\u00e7\u00e3o para garantir a qualidade do papel de parede. Para fazer o download selecione sua foto abaixo e clique na imagem para abrir o papel de parede. Ao lado esquerdo voc\u00ea pode salvar essa p\u00e1gina em seu favoritos no Delicious,\u00a0 Facebook ou Twitter! Nosso conte\u00fado \u00e9 totalmente gr\u00e1tis, se gostou nos ajude a divulgar nossas p\u00e1ginas! Obrigado.<\/p>\n","protected":false},"author":7,"featured_media":12683,"parent":0,"menu_order":0,"comment_status":"open","ping_status":"open","template":"","meta":[],"_links":{"self":[{"href":"https:\/\/www.papeldeparede.etc.br\/fotos\/wp-json\/wp\/v2\/pages\/2091"}],"collection":[{"href":"https:\/\/www.papeldeparede.etc.br\/fotos\/wp-json\/wp\/v2\/pages"}],"about":[{"href":"https:\/\/www.papeldeparede.etc.br\/fotos\/wp-json\/wp\/v2\/types\/page"}],"author":[{"embeddable":true,"href":"https:\/\/www.papeldeparede.etc.br\/fotos\/wp-json\/wp\/v2\/users\/7"}],"replies":[{"embeddable":true,"href":"https:\/\/www.papeldeparede.etc.br\/fotos\/wp-json\/wp\/v2\/comments?post=2091"}],"version-history":[{"count":0,"href":"https:\/\/www.papeldeparede.etc.br\/fotos\/wp-json\/wp\/v2\/pages\/2091\/revisions"}],"wp:featuredmedia":[{"embeddable":true,"href":"https:\/\/www.papeldeparede.etc.br\/fotos\/wp-json\/wp\/v2\/media\/12683"}],"wp:attachment":[{"href":"https:\/\/www.papeldeparede.etc.br\/fotos\/wp-json\/wp\/v2\/media?parent=2091"}],"curies":[{"name":"wp","href":"https:\/\/api.w.org\/{rel}","templated":true}]}}